{"id":25669,"date":"2023-12-08T12:38:03","date_gmt":"2023-12-08T11:38:03","guid":{"rendered":"https:\/\/www.oc-jahorina.com\/?page_id=25669"},"modified":"2024-11-27T09:56:19","modified_gmt":"2024-11-27T08:56:19","slug":"skijalista-crne-gore","status":"publish","type":"page","link":"https:\/\/www.oc-jahorina.com\/en\/skijalista-crne-gore\/","title":{"rendered":"Ski resorts of Montenegro"},"content":{"rendered":"\t\t<div data-elementor-type=\"wp-page\" data-elementor-id=\"25669\" class=\"elementor elementor-25669\" data-elementor-settings=\"{&quot;ha_cmc_init_switcher&quot;:&quot;no&quot;}\">\n\t\t\t\t\t\t<section class=\"elementor-section elementor-top-section elementor-element elementor-element-a370f55 elementor-section-boxed elementor-section-height-default elementor-section-height-default\" data-id=\"a370f55\" data-element_type=\"section\" data-settings=\"{&quot;_ha_eqh_enable&quot;:false}\">\n\t\t\t\t\t\t<div class=\"elementor-container elementor-column-gap-default\">\n\t\t\t\t\t<div class=\"elementor-column elementor-col-66 elementor-top-column elementor-element elementor-element-e2222b3\" data-id=\"e2222b3\" data-element_type=\"column\">\n\t\t\t<div class=\"elementor-widget-wrap elementor-element-populated\">\n\t\t\t\t\t\t<div class=\"elementor-element elementor-element-7cd7823 elementor-widget elementor-widget-text-editor\" data-id=\"7cd7823\" data-element_type=\"widget\" data-widget_type=\"text-editor.default\">\n\t\t\t\t<div class=\"elementor-widget-container\">\n\t\t\t\t\t\t\t\t\t<h2><\/p><h2><strong>Montenegro Ski Resorts<\/strong><\/h2><p>Montenegro Ski Resorts is a company established to manage ski resorts, including the already constructed Kola\u0161in 1600, as well as the ski centers Cmilja\u010da and \u017darski, which are currently under construction. Future projects include ski centers Torine and Jelovica, the mountain center Komovi, and the Komovi Eco-Adventure Park. The general development concept of Montenegro Ski Resorts aims at maximizing the value of existing ski centers and constructing new resorts in the Bjelasica and Komovi areas.<\/p><p>According to the special-purpose spatial plan for Bjelasica and Komovi, base settlements are planned at the foot of the ski resorts. The plan envisions a total of 224 kilometers of ski trails on Bjelasica, serviced by 52 lifts\/cable cars, along with the construction of 53 hotels, 23 apartment-style hotels (condo hotels, apartments, etc.), one hostel, and one mountain lodge. The establishment of &#8220;Montenegro Ski Resorts&#8221; is a key prerequisite for initiating and successfully managing locations where substantial investments in infrastructure have already been made in recent years.<\/p><p>The Olympic Center &#8216;Jahorina&#8217; has signed an agreement with the ski resorts of Montenegro regarding seasonal ski passes, allowing skiers to ski under favorable conditions in ski resorts in Montenegro and Jahorina. With this agreement, all owners of seasonal ski passes for Montenegro&#8217;s ski centers (Kola\u0161in, Durmitor, Vu\u010dje) will be able to ski for three days for free in the Olympic Center &#8216;Jahorina.&#8217; Additionally, owners of seasonal ski passes purchased at the OC Jahorina are entitled to three consecutive days of free skiing at the ski resorts in Montenegro.<\/p><p><\/p>\t\t\t\t\t\t\t\t<\/div>\n\t\t\t\t<\/div>\n\t\t\t\t<div class=\"elementor-element elementor-element-07bc19a elementor-widget elementor-widget-text-editor\" data-id=\"07bc19a\" data-element_type=\"widget\" data-widget_type=\"text-editor.default\">\n\t\t\t\t<div class=\"elementor-widget-container\">\n\t\t\t\t\t\t\t\t\t<h2><\/p><h2><strong>Montenegro Ski Resorts<\/strong><\/h2><p>Montenegro Ski Resorts is a company established to manage ski resorts, including the already constructed Kola\u0161in 1600, as well as the ski centers Cmilja\u010da and \u017darski, which are currently under construction. Future projects include ski centers Torine and Jelovica, the mountain center Komovi, and the Komovi Eco-Adventure Park. The general development concept of Montenegro Ski Resorts aims at maximizing the value of existing ski centers and constructing new resorts in the Bjelasica and Komovi areas.<\/p><p>According to the special-purpose spatial plan for Bjelasica and Komovi, base settlements are planned at the foot of the ski resorts. The plan envisions a total of 224 kilometers of ski trails on Bjelasica, serviced by 52 lifts\/cable cars, along with the construction of 53 hotels, 23 apartment-style hotels (condo hotels, apartments, etc.), one hostel, and one mountain lodge. The establishment of &#8220;Montenegro Ski Resorts&#8221; is a key prerequisite for initiating and successfully managing locations where substantial investments in infrastructure have already been made in recent years.<\/p><p>The Olympic Center &#8216;Jahorina&#8217; has signed an agreement with the ski resorts of Montenegro regarding seasonal ski passes, allowing skiers to ski under favorable conditions in ski resorts in Montenegro and Jahorina. With this agreement, all owners of seasonal ski passes for Montenegro&#8217;s ski centers (Kola\u0161in, Durmitor, Vu\u010dje) will be able to ski for three days for free in the Olympic Center &#8216;Jahorina.&#8217; Additionally, owners of seasonal ski passes purchased at the OC Jahorina are entitled to three consecutive days of free skiing at the ski resorts in Montenegro.<\/p><p><\/p>\t\t\t\t\t\t\t\t<\/div>\n\t\t\t\t<\/div>\n\t\t\t\t\t<\/div>\n\t\t<\/div>\n\t\t\t\t<div class=\"elementor-column elementor-col-33 elementor-top-column elementor-element elementor-element-3bdd129\" data-id=\"3bdd129\" data-element_type=\"column\">\n\t\t\t<div class=\"elementor-widget-wrap elementor-element-populated\">\n\t\t\t\t\t\t<div class=\"elementor-element elementor-element-56e3cf5 elementor-widget elementor-widget-ha-slider happy-addon ha-slider\" data-id=\"56e3cf5\" data-element_type=\"widget\" data-settings=\"{&quot;animation_speed&quot;:300,&quot;autoplay&quot;:&quot;yes&quot;,&quot;autoplay_speed&quot;:3000,&quot;loop&quot;:&quot;yes&quot;,&quot;slides_transition&quot;:&quot;slide&quot;,&quot;navigation&quot;:&quot;arrow&quot;}\" data-widget_type=\"ha-slider.default\">\n\t\t\t\t<div class=\"elementor-widget-container\">\n\t\t\t\t\t\n\t\t<div class=\"hajs-slick ha-slick ha-slick--slider\">\n\n\t\t\t\n\t\t\t\t<div class=\"ha-slick-slide slick-slide\">\n\t\t\t\t\t<div class=\"ha-slick-item\">\n\t\t\t\t\t\t\t\t\t\t\t\t\t<img decoding=\"async\" class=\"ha-slick-img\" src=\"https:\/\/www.oc-jahorina.com\/wp-content\/uploads\/2024\/11\/CG4-1-768x1200.jpg\" alt=\"\">\n\t\t\t\t\t\t\n\t\t\t\t\t\t\t\t\t\t\t<\/div>\n\t\t\t\t<\/div>\n\n\t\t\t\n\t\t\t\t<div class=\"ha-slick-slide slick-slide\">\n\t\t\t\t\t<div class=\"ha-slick-item\">\n\t\t\t\t\t\t\t\t\t\t\t\t\t<img decoding=\"async\" class=\"ha-slick-img\" src=\"https:\/\/www.oc-jahorina.com\/wp-content\/uploads\/2024\/11\/CG2-768x1200.jpg\" alt=\"\">\n\t\t\t\t\t\t\n\t\t\t\t\t\t\t\t\t\t\t<\/div>\n\t\t\t\t<\/div>\n\n\t\t\t\n\t\t\t\t<div class=\"ha-slick-slide slick-slide\">\n\t\t\t\t\t<div class=\"ha-slick-item\">\n\t\t\t\t\t\t\t\t\t\t\t\t\t<img decoding=\"async\" class=\"ha-slick-img\" src=\"https:\/\/www.oc-jahorina.com\/wp-content\/uploads\/2024\/11\/CG3-768x1200.jpg\" alt=\"\">\n\t\t\t\t\t\t\n\t\t\t\t\t\t\t\t\t\t\t<\/div>\n\t\t\t\t<\/div>\n\n\t\t\t\n\t\t\t\t<div class=\"ha-slick-slide slick-slide\">\n\t\t\t\t\t<div class=\"ha-slick-item\">\n\t\t\t\t\t\t\t\t\t\t\t\t\t<img decoding=\"async\" class=\"ha-slick-img\" src=\"https:\/\/www.oc-jahorina.com\/wp-content\/uploads\/2024\/11\/CG1-768x1200.jpg\" alt=\"\">\n\t\t\t\t\t\t\n\t\t\t\t\t\t\t\t\t\t\t<\/div>\n\t\t\t\t<\/div>\n\n\t\t\t\n\t\t\t\t<div class=\"ha-slick-slide slick-slide\">\n\t\t\t\t\t<div class=\"ha-slick-item\">\n\t\t\t\t\t\t\t\t\t\t\t\t\t<img decoding=\"async\" class=\"ha-slick-img\" src=\"https:\/\/www.oc-jahorina.com\/wp-content\/uploads\/2024\/11\/CG4-1-768x1200.jpg\" alt=\"\">\n\t\t\t\t\t\t\n\t\t\t\t\t\t\t\t\t\t\t<\/div>\n\t\t\t\t<\/div>\n\n\t\t\t\n\t\t<\/div>\n\n\t\t\t\t\t<button type=\"button\" class=\"slick-prev\"><i aria-hidden=\"true\" class=\"fas fa-chevron-left\"><\/i><\/button>\n\t\t\n\t\t\t\t\t<button type=\"button\" class=\"slick-next\"><i aria-hidden=\"true\" class=\"fas fa-chevron-right\"><\/i><\/button>\n\t\t\n\t\t\t\t\t\t<\/div>\n\t\t\t\t<\/div>\n\t\t\t\t\t<\/div>\n\t\t<\/div>\n\t\t\t\t\t<\/div>\n\t\t<\/section>\n\t\t\t\t<\/div>\n\t\t","protected":false},"excerpt":{"rendered":"<p>Montenegro Ski Resorts Montenegro Ski Resorts is a company established to manage ski resorts, including the already constructed Kola\u0161in 1600, as well as the ski centers<span class=\"excerpt-hellip\"> [\u2026]<\/span><\/p>\n","protected":false},"author":7,"featured_media":25740,"parent":0,"menu_order":0,"comment_status":"closed","ping_status":"closed","template":"","meta":{"_monsterinsights_skip_tracking":false,"_monsterinsights_sitenote_active":false,"_monsterinsights_sitenote_note":"","_monsterinsights_sitenote_category":0,"_price":"","_stock":"","_tribe_ticket_header":"","_tribe_default_ticket_provider":"","_ticket_start_date":"","_ticket_end_date":"","_tribe_ticket_show_description":"","_tribe_ticket_show_not_going":false,"_tribe_ticket_use_global_stock":"","_tribe_ticket_global_stock_level":"","_global_stock_mode":"","_global_stock_cap":"","_tribe_rsvp_for_event":"","_tribe_ticket_going_count":"","_tribe_ticket_not_going_count":"","_tribe_tickets_list":"[]","_tribe_ticket_has_attendee_info_fields":false,"footnotes":"","_tec_slr_enabled":"","_tec_slr_layout":""},"class_list":["post-25669","page","type-page","status-publish","has-post-thumbnail","hentry"],"ticketed":false,"_links":{"self":[{"href":"https:\/\/www.oc-jahorina.com\/en\/wp-json\/wp\/v2\/pages\/25669","targetHints":{"allow":["GET"]}}],"collection":[{"href":"https:\/\/www.oc-jahorina.com\/en\/wp-json\/wp\/v2\/pages"}],"about":[{"href":"https:\/\/www.oc-jahorina.com\/en\/wp-json\/wp\/v2\/types\/page"}],"author":[{"embeddable":true,"href":"https:\/\/www.oc-jahorina.com\/en\/wp-json\/wp\/v2\/users\/7"}],"replies":[{"embeddable":true,"href":"https:\/\/www.oc-jahorina.com\/en\/wp-json\/wp\/v2\/comments?post=25669"}],"version-history":[{"count":21,"href":"https:\/\/www.oc-jahorina.com\/en\/wp-json\/wp\/v2\/pages\/25669\/revisions"}],"predecessor-version":[{"id":29243,"href":"https:\/\/www.oc-jahorina.com\/en\/wp-json\/wp\/v2\/pages\/25669\/revisions\/29243"}],"wp:featuredmedia":[{"embeddable":true,"href":"https:\/\/www.oc-jahorina.com\/en\/wp-json\/wp\/v2\/media\/25740"}],"wp:attachment":[{"href":"https:\/\/www.oc-jahorina.com\/en\/wp-json\/wp\/v2\/media?parent=25669"}],"curies":[{"name":"wp","href":"https:\/\/api.w.org\/{rel}","templated":true}]}}