{"id":25708,"date":"2023-12-14T11:49:54","date_gmt":"2023-12-14T10:49:54","guid":{"rendered":"https:\/\/www.oc-jahorina.com\/?page_id=25708"},"modified":"2024-11-18T11:17:06","modified_gmt":"2024-11-18T10:17:06","slug":"pravilnik-o-koristenju-skijalista-upotrebi-specijalne-mehanizacije-i-redu-na-skijalistima","status":"publish","type":"page","link":"https:\/\/www.oc-jahorina.com\/en\/pravilnik-o-koristenju-skijalista-upotrebi-specijalne-mehanizacije-i-redu-na-skijalistima\/","title":{"rendered":"(SR) Pravilnik o kori\u0161tenju skijali\u0161ta, upotrebi specijalne mehanizacije i redu na skijali\u0161tima"},"content":{"rendered":"<p class=\"qtranxs-available-languages-message qtranxs-available-languages-message-en\">Sorry, this entry is only available in Serbian.<\/p>\n","protected":false},"excerpt":{"rendered":"<p>Sorry, this entry is only available in Serbian.<\/p>\n","protected":false},"author":2,"featured_media":0,"parent":0,"menu_order":0,"comment_status":"closed","ping_status":"closed","template":"","meta":{"_monsterinsights_skip_tracking":false,"_monsterinsights_sitenote_active":false,"_monsterinsights_sitenote_note":"","_monsterinsights_sitenote_category":0,"_price":"","_stock":"","_tribe_ticket_header":"","_tribe_default_ticket_provider":"","_ticket_start_date":"","_ticket_end_date":"","_tribe_ticket_show_description":"","_tribe_ticket_show_not_going":false,"_tribe_ticket_use_global_stock":"","_tribe_ticket_global_stock_level":"","_global_stock_mode":"","_global_stock_cap":"","_tribe_rsvp_for_event":"","_tribe_ticket_going_count":"","_tribe_ticket_not_going_count":"","_tribe_tickets_list":"[]","_tribe_ticket_has_attendee_info_fields":false,"footnotes":"","_tec_slr_enabled":"","_tec_slr_layout":""},"class_list":["post-25708","page","type-page","status-publish","hentry"],"ticketed":false,"_links":{"self":[{"href":"https:\/\/www.oc-jahorina.com\/en\/wp-json\/wp\/v2\/pages\/25708","targetHints":{"allow":["GET"]}}],"collection":[{"href":"https:\/\/www.oc-jahorina.com\/en\/wp-json\/wp\/v2\/pages"}],"about":[{"href":"https:\/\/www.oc-jahorina.com\/en\/wp-json\/wp\/v2\/types\/page"}],"author":[{"embeddable":true,"href":"https:\/\/www.oc-jahorina.com\/en\/wp-json\/wp\/v2\/users\/2"}],"replies":[{"embeddable":true,"href":"https:\/\/www.oc-jahorina.com\/en\/wp-json\/wp\/v2\/comments?post=25708"}],"version-history":[{"count":3,"href":"https:\/\/www.oc-jahorina.com\/en\/wp-json\/wp\/v2\/pages\/25708\/revisions"}],"predecessor-version":[{"id":29097,"href":"https:\/\/www.oc-jahorina.com\/en\/wp-json\/wp\/v2\/pages\/25708\/revisions\/29097"}],"wp:attachment":[{"href":"https:\/\/www.oc-jahorina.com\/en\/wp-json\/wp\/v2\/media?parent=25708"}],"curies":[{"name":"wp","href":"https:\/\/api.w.org\/{rel}","templated":true}]}}