{"id":30620,"date":"2024-12-10T15:18:00","date_gmt":"2024-12-10T14:18:00","guid":{"rendered":"https:\/\/www.oc-jahorina.com\/?page_id=30620"},"modified":"2024-12-10T19:28:27","modified_gmt":"2024-12-10T18:28:27","slug":"ski-opening-jahorina","status":"publish","type":"page","link":"https:\/\/www.oc-jahorina.com\/en\/ski-opening-jahorina\/","title":{"rendered":"Ski opening Jahorina"},"content":{"rendered":"\t\t<div data-elementor-type=\"wp-page\" data-elementor-id=\"30620\" class=\"elementor elementor-30620\" data-elementor-settings=\"{&quot;ha_cmc_init_switcher&quot;:&quot;no&quot;}\">\n\t\t\t\t\t\t<section class=\"elementor-section elementor-top-section elementor-element elementor-element-d3db295 elementor-section-boxed elementor-section-height-default elementor-section-height-default\" data-id=\"d3db295\" data-element_type=\"section\" data-settings=\"{&quot;background_background&quot;:&quot;classic&quot;,&quot;_ha_eqh_enable&quot;:false}\">\n\t\t\t\t\t\t<div class=\"elementor-container elementor-column-gap-default\">\n\t\t\t\t\t<div class=\"elementor-column elementor-col-50 elementor-top-column elementor-element elementor-element-3b82b39\" data-id=\"3b82b39\" data-element_type=\"column\">\n\t\t\t<div class=\"elementor-widget-wrap elementor-element-populated\">\n\t\t\t\t\t\t<div class=\"elementor-element elementor-element-d25f0f9 ha-has-bg-overlay elementor-widget elementor-widget-text-editor\" data-id=\"d25f0f9\" data-element_type=\"widget\" data-widget_type=\"text-editor.default\">\n\t\t\t\t<div class=\"elementor-widget-container\">\n\t\t\t\t\t\t\t\t\t<h2><strong>Ski Opening 2024 \u2013 Sezona po\u010dinje uz 50% popusta<\/strong><\/h2><p>Pozivamo vas da budete dio po\u010detka nove skija\u0161ke sezone na Jahorini! Od <strong>12. do 18. decembra 2024.<\/strong>, u\u017eivajte u Ski Opening-u uz <strong>nevjerovatnih 50% popusta na sve ski karte <\/strong>u ovom preriodu.<\/p><p>Na stazama nas ve\u0107 o\u010dekuje obilje snijega, a vremenski uslovi su savr\u0161eni za skijanje. Jahorina je spremna da vas do\u010deka sa ure\u0111enim stazama, vrhunskom uslugom i zimskom atmosferom koja \u0107e vas odu\u0161eviti.<\/p><p>Rezervi\u0161ite svoje mjesto na stazi i zapo\u010dnite sezonu na najbolji na\u010din.<\/p><p>Vidimo se na Jahorini!<\/p>\t\t\t\t\t\t\t\t<\/div>\n\t\t\t\t<\/div>\n\t\t\t\t\t<\/div>\n\t\t<\/div>\n\t\t\t\t<div class=\"elementor-column elementor-col-50 elementor-top-column elementor-element elementor-element-6f7b9b1\" data-id=\"6f7b9b1\" data-element_type=\"column\">\n\t\t\t<div class=\"elementor-widget-wrap elementor-element-populated\">\n\t\t\t\t\t\t<div class=\"elementor-element elementor-element-5292790 elementor-widget elementor-widget-image\" data-id=\"5292790\" data-element_type=\"widget\" data-widget_type=\"image.default\">\n\t\t\t\t<div class=\"elementor-widget-container\">\n\t\t\t\t\t\t\t\t\t\t\t\t\t\t\t\t<a href=\"https:\/\/www.oc-jahorina.com\/\">\n\t\t\t\t\t\t\t<img fetchpriority=\"high\" decoding=\"async\" width=\"1024\" height=\"1024\" src=\"https:\/\/www.oc-jahorina.com\/wp-content\/uploads\/2024\/12\/One_two_three_post_02-1-1024x1024.jpg\" class=\"attachment-large size-large wp-image-30631\" alt=\"\" srcset=\"https:\/\/www.oc-jahorina.com\/wp-content\/uploads\/2024\/12\/One_two_three_post_02-1-1024x1024.jpg 1024w, https:\/\/www.oc-jahorina.com\/wp-content\/uploads\/2024\/12\/One_two_three_post_02-1-300x300.jpg 300w, https:\/\/www.oc-jahorina.com\/wp-content\/uploads\/2024\/12\/One_two_three_post_02-1-150x150.jpg 150w, https:\/\/www.oc-jahorina.com\/wp-content\/uploads\/2024\/12\/One_two_three_post_02-1-768x768.jpg 768w, https:\/\/www.oc-jahorina.com\/wp-content\/uploads\/2024\/12\/One_two_three_post_02-1-75x75.jpg 75w, https:\/\/www.oc-jahorina.com\/wp-content\/uploads\/2024\/12\/One_two_three_post_02-1-480x480.jpg 480w\" sizes=\"(max-width:767px) 480px, (max-width:1024px) 100vw, 1024px\" \/>\t\t\t\t\t\t\t\t<\/a>\n\t\t\t\t\t\t\t\t\t\t\t\t\t\t\t<\/div>\n\t\t\t\t<\/div>\n\t\t\t\t\t<\/div>\n\t\t<\/div>\n\t\t\t\t\t<\/div>\n\t\t<\/section>\n\t\t\t\t<section class=\"elementor-section elementor-top-section elementor-element elementor-element-8d12397 elementor-section-boxed elementor-section-height-default elementor-section-height-default\" data-id=\"8d12397\" data-element_type=\"section\" data-settings=\"{&quot;_ha_eqh_enable&quot;:false}\">\n\t\t\t\t\t\t<div class=\"elementor-container elementor-column-gap-default\">\n\t\t\t\t\t<div class=\"elementor-column elementor-col-100 elementor-top-column elementor-element elementor-element-79528ef\" data-id=\"79528ef\" data-element_type=\"column\">\n\t\t\t<div class=\"elementor-widget-wrap elementor-element-populated\">\n\t\t\t\t\t\t<div class=\"elementor-element elementor-element-9166caf htmega-align-center elementor-widget elementor-widget-htmega-calltoaction-addons\" data-id=\"9166caf\" data-element_type=\"widget\" data-widget_type=\"htmega-calltoaction-addons.default\">\n\t\t\t\t<div class=\"elementor-widget-container\">\n\t\t\t\t\t            <div class=\"htmega-call-to-action callto-action-style-1\">\n                <div class=\"htmega-content\">\n\n                                            <a class=\"call_btn\" href=\"https:\/\/www.oc-jahorina.com\/ski-info\/\"><span class='call_to_action_button_one_text_progression'>SKI INFO<\/span><\/a>                    \n                <\/div>\n            <\/div>\n\n        \t\t\t\t<\/div>\n\t\t\t\t<\/div>\n\t\t\t\t\t<\/div>\n\t\t<\/div>\n\t\t\t\t\t<\/div>\n\t\t<\/section>\n\t\t\t\t<section class=\"elementor-section elementor-top-section elementor-element elementor-element-05981a9 elementor-section-boxed elementor-section-height-default elementor-section-height-default\" data-id=\"05981a9\" data-element_type=\"section\" data-settings=\"{&quot;_ha_eqh_enable&quot;:false}\">\n\t\t\t\t\t\t<div class=\"elementor-container elementor-column-gap-default\">\n\t\t\t\t\t<div class=\"elementor-column elementor-col-100 elementor-top-column elementor-element elementor-element-40dab32\" data-id=\"40dab32\" data-element_type=\"column\">\n\t\t\t<div class=\"elementor-widget-wrap elementor-element-populated\">\n\t\t\t\t\t\t<div class=\"elementor-element elementor-element-2eb233e ha-dual-button--align-center ha-dual-button--layout-queue ha-dual-button--tablet-layout-queue ha-dual-button--mobile-layout-queue elementor-widget elementor-widget-ha-dual-button happy-addon ha-dual-button\" data-id=\"2eb233e\" data-element_type=\"widget\" data-widget_type=\"ha-dual-button.default\">\n\t\t\t\t<div class=\"elementor-widget-container\">\n\t\t\t\t\t        <div class=\"ha-dual-btn-wrapper\">\n            <a class=\"ha-dual-btn ha-dual-btn--left\" href=\"https:\/\/www.oc-jahorina.com\/wp-content\/uploads\/2024\/10\/Individualne-ski-karte-cijene-u-KM-1.pdf\">\n                                                    <span >Individualne ski karte <\/span>\n                                            <\/a>\n                            <span class=\"ha-dual-btn-connector ha-dual-btn-connector--text\">\n                    BAM                <\/span>\n                    <\/div>\n        <div class=\"ha-dual-btn-wrapper\">\n            <a class=\"ha-dual-btn ha-dual-btn--right\" href=\"https:\/\/www.oc-jahorina.com\/wp-content\/uploads\/2024\/10\/Porodicne-karte-cijene-u-KM.pdf\">\n                                                    <span >Porodi\u010dne ski karte<\/span>\n                                            <\/a>\n        <\/div>\n        \t\t\t\t<\/div>\n\t\t\t\t<\/div>\n\t\t\t\t<div class=\"elementor-element elementor-element-c74bcf8 ha-dual-button--align-center ha-dual-button--layout-queue ha-dual-button--tablet-layout-queue ha-dual-button--mobile-layout-queue elementor-widget elementor-widget-ha-dual-button happy-addon ha-dual-button\" data-id=\"c74bcf8\" data-element_type=\"widget\" data-widget_type=\"ha-dual-button.default\">\n\t\t\t\t<div class=\"elementor-widget-container\">\n\t\t\t\t\t        <div class=\"ha-dual-btn-wrapper\">\n            <a class=\"ha-dual-btn ha-dual-btn--left\" href=\"https:\/\/www.oc-jahorina.com\/wp-content\/uploads\/2024\/10\/Individualne-ski-karte-cijene-u-eurima-1.pdf\">\n                                                    <span >Individualne ski karte <\/span>\n                                            <\/a>\n                            <span class=\"ha-dual-btn-connector ha-dual-btn-connector--text\">\n                    EUR                <\/span>\n                    <\/div>\n        <div class=\"ha-dual-btn-wrapper\">\n            <a class=\"ha-dual-btn ha-dual-btn--right\" href=\"https:\/\/www.oc-jahorina.com\/wp-content\/uploads\/2024\/10\/Porodicne-karte-cijene-u-eurima.pdf\">\n                                                    <span >Porodi\u010dne ski karte<\/span>\n                                            <\/a>\n        <\/div>\n        \t\t\t\t<\/div>\n\t\t\t\t<\/div>\n\t\t\t\t\t<\/div>\n\t\t<\/div>\n\t\t\t\t\t<\/div>\n\t\t<\/section>\n\t\t\t\t<section class=\"elementor-section elementor-top-section elementor-element elementor-element-2874f20 elementor-section-boxed elementor-section-height-default elementor-section-height-default\" data-id=\"2874f20\" data-element_type=\"section\" data-settings=\"{&quot;_ha_eqh_enable&quot;:false}\">\n\t\t\t\t\t\t<div class=\"elementor-container elementor-column-gap-default\">\n\t\t\t\t\t<div class=\"elementor-column elementor-col-100 elementor-top-column elementor-element elementor-element-39dba5d\" data-id=\"39dba5d\" data-element_type=\"column\">\n\t\t\t<div class=\"elementor-widget-wrap elementor-element-populated\">\n\t\t\t\t\t\t<div class=\"elementor-element elementor-element-dfec179 elementor-widget elementor-widget-video\" data-id=\"dfec179\" data-element_type=\"widget\" data-settings=\"{&quot;youtube_url&quot;:&quot;https:\\\/\\\/www.youtube.com\\\/watch?v=2df08hC5HUg&quot;,&quot;video_type&quot;:&quot;youtube&quot;,&quot;controls&quot;:&quot;yes&quot;}\" data-widget_type=\"video.default\">\n\t\t\t\t<div class=\"elementor-widget-container\">\n\t\t\t\t\t\t\t<div class=\"elementor-wrapper elementor-open-inline\">\n\t\t\t<div class=\"elementor-video\"><\/div>\t\t<\/div>\n\t\t\t\t\t\t<\/div>\n\t\t\t\t<\/div>\n\t\t\t\t\t<\/div>\n\t\t<\/div>\n\t\t\t\t\t<\/div>\n\t\t<\/section>\n\t\t\t\t<section class=\"elementor-section elementor-top-section elementor-element elementor-element-97d98a0 elementor-section-boxed elementor-section-height-default elementor-section-height-default\" data-id=\"97d98a0\" data-element_type=\"section\" data-settings=\"{&quot;_ha_eqh_enable&quot;:false}\">\n\t\t\t\t\t\t<div class=\"elementor-container elementor-column-gap-default\">\n\t\t\t\t\t<div class=\"elementor-column elementor-col-100 elementor-top-column elementor-element elementor-element-5f944bd\" data-id=\"5f944bd\" data-element_type=\"column\">\n\t\t\t<div class=\"elementor-widget-wrap elementor-element-populated\">\n\t\t\t\t\t\t<div class=\"elementor-element elementor-element-97ec360 elementor-widget elementor-widget-htmega-postcarousel-addons\" data-id=\"97ec360\" data-element_type=\"widget\" data-settings=\"{&quot;carousel_post_type&quot;:&quot;post&quot;}\" data-widget_type=\"htmega-postcarousel-addons.default\">\n\t\t\t\t<div class=\"elementor-widget-container\">\n\t\t\t\t\t            <div class=\"post-carousel-wrapper htmega-postcarousel-layout-5 htmega-verticle-center-arrow sid97ec360\">\n                <div dir=\"ltr\" class=\"htmega-carousel-activation\" data-settings=\"{&quot;sectionid&quot;:&quot;sid97ec360&quot;,&quot;arrows&quot;:true,&quot;arrow_prev_txt&quot;:&quot;&lt;i class=\\&quot;fas fa-angle-left\\&quot;&gt;&lt;\\\/i&gt;&quot;,&quot;arrow_next_txt&quot;:&quot;&lt;i class=\\&quot;fas fa-angle-right\\&quot;&gt;&lt;\\\/i&gt;&quot;,&quot;dots&quot;:false,&quot;autoplay&quot;:false,&quot;autoplay_speed&quot;:3000,&quot;animation_speed&quot;:300,&quot;slloop&quot;:true,&quot;pause_on_hover&quot;:true,&quot;center_mode&quot;:false,&quot;center_padding&quot;:0,&quot;equal_height_column&quot;:false,&quot;equal_height_column_class&quot;:&quot;.post-inner&quot;,&quot;display_columns&quot;:3,&quot;scroll_columns&quot;:1,&quot;tablet_width&quot;:750,&quot;tablet_display_columns&quot;:1,&quot;tablet_scroll_columns&quot;:1,&quot;mobile_width&quot;:480,&quot;mobile_display_columns&quot;:1,&quot;mobile_scroll_columns&quot;:1}\" style=\"display:none;\">\n\n                    \n                                                    <div class=\"htmega-single-post-slide htmega-postslider-layout-5\" >\n                                <div class=\"thumb\">\n                                    <a href=\"https:\/\/www.oc-jahorina.com\/en\/ostvarite-5-popusta-na-sve-ski-karte-u-nasem-websopu\/\"><img decoding=\"async\" width=\"480\" height=\"462\" src=\"https:\/\/www.oc-jahorina.com\/wp-content\/uploads\/2024\/12\/Untitled-design-1-480x462.jpg\" class=\"attachment-mobile-srcset size-mobile-srcset wp-post-image\" alt=\"\" srcset=\"https:\/\/www.oc-jahorina.com\/wp-content\/uploads\/2024\/12\/Untitled-design-1-480x462.jpg 480w, https:\/\/www.oc-jahorina.com\/wp-content\/uploads\/2024\/12\/Untitled-design-1-300x289.jpg 300w, https:\/\/www.oc-jahorina.com\/wp-content\/uploads\/2024\/12\/Untitled-design-1-78x75.jpg 78w\" sizes=\"(max-width:767px) 480px, 480px\" \/><\/a>\n                                <\/div>\n                                            <div class=\"content \">\n                <div class=\"post-inner\">\n                                                    <ul class=\"post-category\">\n                                                                                <li><a href=\"https:\/\/www.oc-jahorina.com\/en\/category\/promotivni-periodi\/\" class=\"category promotivni-periodi\"><\/a><\/li>\n                                                                        <\/ul>\n                            \n                    \n                                                <h2><a href=\"https:\/\/www.oc-jahorina.com\/en\/ostvarite-5-popusta-na-sve-ski-karte-u-nasem-websopu\/\">Get 5% Off All Ski<\/a><\/h2>\n                        \n                    \n                    <p>Winter is just around the corner, and we\u2019re offering you 5% off<\/p>\n                    \n                    \n                <\/div>\n            <\/div>\n                                    <\/div>\n\n                        \n                        \n                <\/div>\n            <\/div>\n            \n            \n\n        \t\t\t\t<\/div>\n\t\t\t\t<\/div>\n\t\t\t\t\t<\/div>\n\t\t<\/div>\n\t\t\t\t\t<\/div>\n\t\t<\/section>\n\t\t\t\t<section class=\"elementor-section elementor-top-section elementor-element elementor-element-76e0801 elementor-section-boxed elementor-section-height-default elementor-section-height-default\" data-id=\"76e0801\" data-element_type=\"section\" data-settings=\"{&quot;_ha_eqh_enable&quot;:false}\">\n\t\t\t\t\t\t<div class=\"elementor-container elementor-column-gap-default\">\n\t\t\t\t\t<div class=\"elementor-column elementor-col-100 elementor-top-column elementor-element elementor-element-0f2e433\" data-id=\"0f2e433\" data-element_type=\"column\">\n\t\t\t<div class=\"elementor-widget-wrap elementor-element-populated\">\n\t\t\t\t\t\t<div class=\"elementor-element elementor-element-10cc2f4 elementor-widget elementor-widget-htmega-countdown-addons\" data-id=\"10cc2f4\" data-element_type=\"widget\" data-widget_type=\"htmega-countdown-addons.default\">\n\t\t\t\t<div class=\"elementor-widget-container\">\n\t\t\t\t\t            <div class=\"htmega-countdown-wrapper htmaga-10cc2f4 htmega-countdown-style-flip htmega-timer-separate-no htmega-separate-no\" >\n                <div class=\"htmega-box-timer\">\n                    <div class=\"htmega-flash-flip-countdown-timer\">\n                        <div class=\"ht-countdown ht-countdown-flip\"data-countdown='{&quot;htmegadate&quot;:&quot;2024\\\/12\\\/19&quot;,&quot;style&quot;:&quot;flip&quot;,&quot;lavelhide&quot;:&quot;&quot;,&quot;htmegaday&quot;:&quot;yes&quot;,&quot;htmegahours&quot;:&quot;yes&quot;,&quot;htmegaminiute&quot;:&quot;yes&quot;,&quot;htmegasecond&quot;:&quot;yes&quot;,&quot;htmegadaytxt&quot;:&quot;Dan&quot;,&quot;htmegahourtxt&quot;:&quot;Sat&quot;,&quot;htmegaminutestxt&quot;:&quot;Minuta&quot;,&quot;htmegasecondstxt&quot;:&quot;Sekunda&quot;}' ><\/div>                        \n                                            <\/div>\n                <\/div>\n\n            <\/div>\n\n            \t\t\t\t<\/div>\n\t\t\t\t<\/div>\n\t\t\t\t\t<\/div>\n\t\t<\/div>\n\t\t\t\t\t<\/div>\n\t\t<\/section>\n\t\t\t\t<section class=\"elementor-section elementor-top-section elementor-element elementor-element-f9dfe3c elementor-section-boxed elementor-section-height-default elementor-section-height-default\" data-id=\"f9dfe3c\" data-element_type=\"section\" data-settings=\"{&quot;_ha_eqh_enable&quot;:false}\">\n\t\t\t\t\t\t<div class=\"elementor-container elementor-column-gap-default\">\n\t\t\t\t\t<div class=\"elementor-column elementor-col-100 elementor-top-column elementor-element elementor-element-4206be1\" data-id=\"4206be1\" data-element_type=\"column\">\n\t\t\t<div class=\"elementor-widget-wrap elementor-element-populated\">\n\t\t\t\t\t\t<div class=\"elementor-element elementor-element-b43c5c6 elementor-widget elementor-widget-heading\" data-id=\"b43c5c6\" data-element_type=\"widget\" data-widget_type=\"heading.default\">\n\t\t\t\t<div class=\"elementor-widget-container\">\n\t\t\t\t\t<h2 class=\"elementor-heading-title elementor-size-default\">Olimpijski centar Jahorina<\/h2>\t\t\t\t<\/div>\n\t\t\t\t<\/div>\n\t\t\t\t\t<\/div>\n\t\t<\/div>\n\t\t\t\t\t<\/div>\n\t\t<\/section>\n\t\t\t\t<section class=\"elementor-section elementor-top-section elementor-element elementor-element-d45ef13 elementor-section-boxed elementor-section-height-default elementor-section-height-default\" data-id=\"d45ef13\" data-element_type=\"section\" data-settings=\"{&quot;_ha_eqh_enable&quot;:false}\">\n\t\t\t\t\t\t<div class=\"elementor-container elementor-column-gap-default\">\n\t\t\t\t\t<div class=\"elementor-column elementor-col-100 elementor-top-column elementor-element elementor-element-4e87b69\" data-id=\"4e87b69\" data-element_type=\"column\">\n\t\t\t<div class=\"elementor-widget-wrap elementor-element-populated\">\n\t\t\t\t\t\t<div data-ha-element-link=\"{&quot;url&quot;:&quot;https:\\\/\\\/www.oc-jahorina.com\\\/&quot;,&quot;is_external&quot;:&quot;&quot;,&quot;nofollow&quot;:&quot;&quot;}\" style=\"cursor: pointer\" class=\"elementor-element elementor-element-fb0c986 elementor-widget elementor-widget-rating\" data-id=\"fb0c986\" data-element_type=\"widget\" data-widget_type=\"rating.default\">\n\t\t\t\t<div class=\"elementor-widget-container\">\n\t\t\t\t\t\t\t<div class=\"e-rating\" itemtype=\"https:\/\/schema.org\/Rating\" itemscope=\"\" itemprop=\"reviewRating\">\n\t\t\t<meta itemprop=\"worstRating\" content=\"0\">\n\t\t\t<meta itemprop=\"bestRating\" content=\"5\">\n\t\t\t<div class=\"e-rating-wrapper\" itemprop=\"ratingValue\" content=\"4.5\" role=\"img\" aria-label=\"Rated 4.5 out of 5\">\n\t\t\t\t\t\t\t<div class=\"e-icon\">\n\t\t\t\t<div class=\"e-icon-wrapper e-icon-marked\">\n\t\t\t\t\t<i aria-hidden=\"true\" class=\"eicon-star\"><\/i>\t\t\t\t<\/div>\n\t\t\t\t<div class=\"e-icon-wrapper e-icon-unmarked\">\n\t\t\t\t\t<i aria-hidden=\"true\" class=\"eicon-star\"><\/i>\t\t\t\t<\/div>\n\t\t\t<\/div>\n\t\t\t\t\t\t<div class=\"e-icon\">\n\t\t\t\t<div class=\"e-icon-wrapper e-icon-marked\">\n\t\t\t\t\t<i aria-hidden=\"true\" class=\"eicon-star\"><\/i>\t\t\t\t<\/div>\n\t\t\t\t<div class=\"e-icon-wrapper e-icon-unmarked\">\n\t\t\t\t\t<i aria-hidden=\"true\" class=\"eicon-star\"><\/i>\t\t\t\t<\/div>\n\t\t\t<\/div>\n\t\t\t\t\t\t<div class=\"e-icon\">\n\t\t\t\t<div class=\"e-icon-wrapper e-icon-marked\">\n\t\t\t\t\t<i aria-hidden=\"true\" class=\"eicon-star\"><\/i>\t\t\t\t<\/div>\n\t\t\t\t<div class=\"e-icon-wrapper e-icon-unmarked\">\n\t\t\t\t\t<i aria-hidden=\"true\" class=\"eicon-star\"><\/i>\t\t\t\t<\/div>\n\t\t\t<\/div>\n\t\t\t\t\t\t<div class=\"e-icon\">\n\t\t\t\t<div class=\"e-icon-wrapper e-icon-marked\">\n\t\t\t\t\t<i aria-hidden=\"true\" class=\"eicon-star\"><\/i>\t\t\t\t<\/div>\n\t\t\t\t<div class=\"e-icon-wrapper e-icon-unmarked\">\n\t\t\t\t\t<i aria-hidden=\"true\" class=\"eicon-star\"><\/i>\t\t\t\t<\/div>\n\t\t\t<\/div>\n\t\t\t\t\t\t<div class=\"e-icon\">\n\t\t\t\t<div class=\"e-icon-wrapper e-icon-marked\" style=\"--e-rating-icon-marked-width: 50%;\">\n\t\t\t\t\t<i aria-hidden=\"true\" class=\"eicon-star\"><\/i>\t\t\t\t<\/div>\n\t\t\t\t<div class=\"e-icon-wrapper e-icon-unmarked\">\n\t\t\t\t\t<i aria-hidden=\"true\" class=\"eicon-star\"><\/i>\t\t\t\t<\/div>\n\t\t\t<\/div>\n\t\t\t\t\t\t<\/div>\n\t\t<\/div>\n\t\t\t\t\t\t<\/div>\n\t\t\t\t<\/div>\n\t\t\t\t\t<\/div>\n\t\t<\/div>\n\t\t\t\t\t<\/div>\n\t\t<\/section>\n\t\t\t\t<\/div>\n\t\t","protected":false},"excerpt":{"rendered":"<p>Ski Opening 2024 \u2013 Sezona po\u010dinje uz 50% popusta Pozivamo vas da budete dio po\u010detka nove skija\u0161ke sezone na Jahorini! Od 12. do 18. decembra 2024.,<span class=\"excerpt-hellip\"> [\u2026]<\/span><\/p>\n","protected":false},"author":2,"featured_media":0,"parent":0,"menu_order":0,"comment_status":"closed","ping_status":"closed","template":"","meta":{"_monsterinsights_skip_tracking":false,"_monsterinsights_sitenote_active":false,"_monsterinsights_sitenote_note":"","_monsterinsights_sitenote_category":0,"_price":"","_stock":"","_tribe_ticket_header":"","_tribe_default_ticket_provider":"","_ticket_start_date":"","_ticket_end_date":"","_tribe_ticket_show_description":"","_tribe_ticket_show_not_going":false,"_tribe_ticket_use_global_stock":"","_tribe_ticket_global_stock_level":"","_global_stock_mode":"","_global_stock_cap":"","_tribe_rsvp_for_event":"","_tribe_ticket_going_count":"","_tribe_ticket_not_going_count":"","_tribe_tickets_list":"[]","_tribe_ticket_has_attendee_info_fields":false,"footnotes":"","_tec_slr_enabled":"","_tec_slr_layout":""},"class_list":["post-30620","page","type-page","status-publish","hentry"],"ticketed":false,"_links":{"self":[{"href":"https:\/\/www.oc-jahorina.com\/en\/wp-json\/wp\/v2\/pages\/30620","targetHints":{"allow":["GET"]}}],"collection":[{"href":"https:\/\/www.oc-jahorina.com\/en\/wp-json\/wp\/v2\/pages"}],"about":[{"href":"https:\/\/www.oc-jahorina.com\/en\/wp-json\/wp\/v2\/types\/page"}],"author":[{"embeddable":true,"href":"https:\/\/www.oc-jahorina.com\/en\/wp-json\/wp\/v2\/users\/2"}],"replies":[{"embeddable":true,"href":"https:\/\/www.oc-jahorina.com\/en\/wp-json\/wp\/v2\/comments?post=30620"}],"version-history":[{"count":10,"href":"https:\/\/www.oc-jahorina.com\/en\/wp-json\/wp\/v2\/pages\/30620\/revisions"}],"predecessor-version":[{"id":30643,"href":"https:\/\/www.oc-jahorina.com\/en\/wp-json\/wp\/v2\/pages\/30620\/revisions\/30643"}],"wp:attachment":[{"href":"https:\/\/www.oc-jahorina.com\/en\/wp-json\/wp\/v2\/media?parent=30620"}],"curies":[{"name":"wp","href":"https:\/\/api.w.org\/{rel}","templated":true}]}}